{"id":2,"date":"2008-06-04T12:44:14","date_gmt":"2008-06-04T19:44:14","guid":{"rendered":"http:\/\/barraclou.com\/media\/blog\/?page_id=2"},"modified":"2014-01-10T16:40:29","modified_gmt":"2014-01-10T20:40:29","slug":"about","status":"publish","type":"page","link":"http:\/\/barraclou.com\/media\/blog\/about\/","title":{"rendered":"A propos &#8211; Nous joindre"},"content":{"rendered":"<p>Merci de visiter Barraclou.com .<\/p>\n<p>Vous pouvez poster vos commentaires sur les sujets couverts en vous inscrivant <a href=\"http:\/\/barraclou.com\/media\/blog\/wp-login.php?action=register\">ici<\/a>, puis en utilisant la section \u201ccommentaires\u201d sous chaque article publi\u00e9.<\/p>\n<p>Pour toute autre question ou demande, vous pouvez joindre Jean-Fran\u00e7ois Brulotte, r\u00e9dacteur en chef de Barraclou.com, par courriel \u00e0 <img decoding=\"async\" src=\"http:\/\/www.barraclou.com\/email.jpg\"><\/p>\n<p><a href=\"http:\/\/www.barraclou.com\/tos.html\">Termes et conditions &#8211; Vie priv\u00e9e<\/a><\/p>\n","protected":false},"excerpt":{"rendered":"<p>Merci de visiter Barraclou.com . Vous pouvez poster vos commentaires sur les sujets couverts en vous inscrivant ici, puis en utilisant la section \u201ccommentaires\u201d sous chaque article publi\u00e9. Pour toute autre question ou demande, vous pouvez joindre Jean-Fran\u00e7ois Brulotte, r\u00e9dacteur en chef de Barraclou.com, par courriel \u00e0 Termes et conditions &#8211; Vie priv\u00e9e<\/p>\n","protected":false},"author":2,"featured_media":0,"parent":0,"menu_order":0,"comment_status":"open","ping_status":"open","template":"","meta":{"footnotes":""},"class_list":["post-2","page","type-page","status-publish","hentry"],"_links":{"self":[{"href":"http:\/\/barraclou.com\/media\/blog\/wp-json\/wp\/v2\/pages\/2","targetHints":{"allow":["GET"]}}],"collection":[{"href":"http:\/\/barraclou.com\/media\/blog\/wp-json\/wp\/v2\/pages"}],"about":[{"href":"http:\/\/barraclou.com\/media\/blog\/wp-json\/wp\/v2\/types\/page"}],"author":[{"embeddable":true,"href":"http:\/\/barraclou.com\/media\/blog\/wp-json\/wp\/v2\/users\/2"}],"replies":[{"embeddable":true,"href":"http:\/\/barraclou.com\/media\/blog\/wp-json\/wp\/v2\/comments?post=2"}],"version-history":[{"count":3,"href":"http:\/\/barraclou.com\/media\/blog\/wp-json\/wp\/v2\/pages\/2\/revisions"}],"predecessor-version":[{"id":703,"href":"http:\/\/barraclou.com\/media\/blog\/wp-json\/wp\/v2\/pages\/2\/revisions\/703"}],"wp:attachment":[{"href":"http:\/\/barraclou.com\/media\/blog\/wp-json\/wp\/v2\/media?parent=2"}],"curies":[{"name":"wp","href":"https:\/\/api.w.org\/{rel}","templated":true}]}}